{"id":35,"date":"2024-01-12T08:43:18","date_gmt":"2024-01-12T08:43:18","guid":{"rendered":"https:\/\/this-solutions.lv\/?page_id=35"},"modified":"2024-01-12T14:17:33","modified_gmt":"2024-01-12T14:17:33","slug":"contacts","status":"publish","type":"page","link":"https:\/\/this-solutions.lv\/?page_id=35","title":{"rendered":"Contacts"},"content":{"rendered":"\n<div class=\"wp-block-group alignfull has-global-padding is-layout-constrained wp-container-core-group-is-layout-669513ed wp-block-group-is-layout-constrained\" style=\"margin-top:0;margin-bottom:0;padding-top:var(--wp--preset--spacing--50);padding-right:var(--wp--preset--spacing--50);padding-bottom:var(--wp--preset--spacing--50);padding-left:var(--wp--preset--spacing--50)\">\n<div class=\"wp-block-group alignwide has-base-2-background-color has-background has-global-padding is-layout-constrained wp-container-core-group-is-layout-a151063b wp-block-group-is-layout-constrained\" style=\"border-radius:16px;padding-top:var(--wp--preset--spacing--50);padding-right:var(--wp--preset--spacing--40);padding-bottom:var(--wp--preset--spacing--50);padding-left:var(--wp--preset--spacing--40)\">\n<div class=\"wp-block-group alignwide is-vertical is-content-justification-stretch is-layout-flex wp-container-core-group-is-layout-353c4f5a wp-block-group-is-layout-flex\">\n<h2 class=\"wp-block-heading\">Sabiedr\u012bba ar ierobe\u017eotu atbild\u012bbu &#8220;ITsolutions &amp; programming&#8221;<\/h2>\n\n\n\n<ul class=\"wp-block-list\">\n<li>Juridisk\u0101 adrese: Daugavpils, Patversmes iela 4 &#8211; 13, LV-5404<\/li>\n\n\n\n<li>Faktisk\u0101 adrese: 18. novembra iela 37a Daugavpils LV-5401<\/li>\n\n\n\n<li>E-pasts: itsolutions.valde@gmail.com<\/li>\n\n\n\n<li>T\u0101lrunis: +371 22 332 229<\/li>\n<\/ul>\n\n\n\t\t<div id=\"wpmapblock_75faa0d9\" data-settings='{&quot;map_marker&quot;:[{&quot;lat&quot;:&quot;55.86819295&quot;,&quot;lng&quot;:&quot;26.52917801652368&quot;,&quot;title&quot;:&quot;ITSolutions&amp;amp;Programming&quot;,&quot;content&quot;:&quot;&quot;,&quot;iconType&quot;:&quot;default&quot;,&quot;customIconUrl&quot;:&quot;&quot;,&quot;customIconWidth&quot;:&quot;25&quot;,&quot;customIconHeight&quot;:&quot;40&quot;}],&quot;map_zoom&quot;:10,&quot;scroll_wheel_zoom&quot;:false,&quot;map_type&quot;:&quot;GM&quot;,&quot;center_index&quot;:0}' class=\"wpmapblockrender\" style=\"\n\t\t\twidth: 100%;\n\t\t\theight: 500px;\n\t\t\"><\/div>\n        <\/div>\n<\/div>\n\n\n\n<p><\/p>\n<\/div>\n","protected":false},"excerpt":{"rendered":"<p>Sabiedr\u012bba ar ierobe\u017eotu atbild\u012bbu &#8220;ITsolutions &amp; programming&#8221;<\/p>\n","protected":false},"author":1,"featured_media":0,"parent":0,"menu_order":0,"comment_status":"closed","ping_status":"closed","template":"","meta":{"footnotes":""},"class_list":["post-35","page","type-page","status-publish","hentry"],"aioseo_notices":[],"_links":{"self":[{"href":"https:\/\/this-solutions.lv\/index.php?rest_route=\/wp\/v2\/pages\/35","targetHints":{"allow":["GET"]}}],"collection":[{"href":"https:\/\/this-solutions.lv\/index.php?rest_route=\/wp\/v2\/pages"}],"about":[{"href":"https:\/\/this-solutions.lv\/index.php?rest_route=\/wp\/v2\/types\/page"}],"author":[{"embeddable":true,"href":"https:\/\/this-solutions.lv\/index.php?rest_route=\/wp\/v2\/users\/1"}],"replies":[{"embeddable":true,"href":"https:\/\/this-solutions.lv\/index.php?rest_route=%2Fwp%2Fv2%2Fcomments&post=35"}],"version-history":[{"count":13,"href":"https:\/\/this-solutions.lv\/index.php?rest_route=\/wp\/v2\/pages\/35\/revisions"}],"predecessor-version":[{"id":100,"href":"https:\/\/this-solutions.lv\/index.php?rest_route=\/wp\/v2\/pages\/35\/revisions\/100"}],"wp:attachment":[{"href":"https:\/\/this-solutions.lv\/index.php?rest_route=%2Fwp%2Fv2%2Fmedia&parent=35"}],"curies":[{"name":"wp","href":"https:\/\/api.w.org\/{rel}","templated":true}]}}