{"id":30,"date":"2024-01-12T08:35:08","date_gmt":"2024-01-12T08:35:08","guid":{"rendered":"https:\/\/this-solutions.lv\/?page_id=30"},"modified":"2024-09-23T08:50:17","modified_gmt":"2024-09-23T08:50:17","slug":"projects","status":"publish","type":"page","link":"https:\/\/this-solutions.lv\/?page_id=30","title":{"rendered":"Projects"},"content":{"rendered":"\n<div class=\"wp-block-group alignfull has-global-padding is-layout-constrained wp-container-core-group-is-layout-669513ed wp-block-group-is-layout-constrained\" style=\"margin-top:0;margin-bottom:0;padding-top:var(--wp--preset--spacing--50);padding-right:var(--wp--preset--spacing--50);padding-bottom:var(--wp--preset--spacing--50);padding-left:var(--wp--preset--spacing--50)\">\n<div class=\"wp-block-group alignwide has-base-2-background-color has-background has-global-padding is-layout-constrained wp-container-core-group-is-layout-a151063b wp-block-group-is-layout-constrained\" style=\"border-radius:16px;padding-top:var(--wp--preset--spacing--50);padding-right:var(--wp--preset--spacing--40);padding-bottom:var(--wp--preset--spacing--50);padding-left:var(--wp--preset--spacing--40)\">\n<figure class=\"wp-block-image size-full is-resized\" style=\"text-align: center;\">\n    <img loading=\"lazy\" decoding=\"async\" width=\"1447\" height=\"625\" src=\"https:\/\/this-solutions.lv\/wp-content\/uploads\/2024\/09\/LIDZFINANSE-ESNAP-1.png\" alt=\"\" class=\"wp-image-143\" style=\"width:324px;height:auto\" srcset=\"https:\/\/this-solutions.lv\/wp-content\/uploads\/2024\/09\/LIDZFINANSE-ESNAP-1.png 1447w, https:\/\/this-solutions.lv\/wp-content\/uploads\/2024\/09\/LIDZFINANSE-ESNAP-1-300x130.png 300w, https:\/\/this-solutions.lv\/wp-content\/uploads\/2024\/09\/LIDZFINANSE-ESNAP-1-1024x442.png 1024w, https:\/\/this-solutions.lv\/wp-content\/uploads\/2024\/09\/LIDZFINANSE-ESNAP-1-768x332.png 768w\" sizes=\"auto, (max-width: 1447px) 100vw, 1447px\" \/>\n<\/figure>\n\n\n\n\n<hr class=\"wp-block-separator alignwide has-alpha-channel-opacity\"\/>\n\n\n\n<p>2021.gada 03.j\u016bnij\u0101 SIA \u201cITsolutions&amp;programming\u201d ir nosl\u0113gusi l\u012bgumu Nr. JU-L-2021\/4 ar Latvijas Invest\u012bciju un att\u012bst\u012bbas a\u0123ent\u016bru par Eiropas Re\u0123ion\u0101l\u0101s att\u012bst\u012bbas fonda projekta \u201eTehnolo\u0123iju p\u0101rneses programma\u201d, identifik\u0101cijas numurs 1.2.1.2\/16\/I\/001 \u012bsteno\u0161anu. Projekta m\u0113r\u0137is ir Jaunuz\u0146\u0113mumu darb\u012bbas atbalsta likuma 7.pant\u0101 min\u0113t\u0101s atbalsta programmas augsti kvalific\u0113tu darbinieku piesaiste, lai nodro\u0161in\u0101tu progr\u0101mnodro\u0161in\u0101juma izstr\u0101di IPTV\/OTT jom\u0101. Projekt\u0101 rezult\u0101t\u0101 tiks izstr\u0101d\u0101ta optimiz\u0113ta minim\u0101l\u0101 dz\u012bvotsp\u0113j\u012bg\u0101 produkta versija.<\/p>\n\n\n\n<figure class=\"wp-block-image size-full\"><img loading=\"lazy\" decoding=\"async\" width=\"842\" height=\"282\" src=\"https:\/\/this-solutions.lv\/wp-content\/uploads\/2024\/01\/ieguldijums.jpg\" alt=\"\" class=\"wp-image-31\" srcset=\"https:\/\/this-solutions.lv\/wp-content\/uploads\/2024\/01\/ieguldijums.jpg 842w, https:\/\/this-solutions.lv\/wp-content\/uploads\/2024\/01\/ieguldijums-300x100.jpg 300w, https:\/\/this-solutions.lv\/wp-content\/uploads\/2024\/01\/ieguldijums-768x257.jpg 768w\" sizes=\"auto, (max-width: 842px) 100vw, 842px\" \/><\/figure>\n\n\n\n<hr class=\"wp-block-separator alignwide has-alpha-channel-opacity\"\/>\n\n\n\n<p>SIA \u201cITsolutions&amp;programming\u201d ir nosl\u0113gusi l\u012bgumu Nr. JU-L-2022\/6 ar Latvijas Invest\u012bciju un att\u012bst\u012bbas a\u0123ent\u016bru par Eiropas Re\u0123ion\u0101l\u0101s att\u012bst\u012bbas fonda projekta \u201eTehnolo\u0123iju p\u0101rneses programma\u201d, identifik\u0101cijas numurs 1.2.1.2\/16\/I\/001 \u012bsteno\u0161anu. Projekta m\u0113r\u0137is ir Jaunuz\u0146\u0113mumu darb\u012bbas atbalsta likuma 7.pant\u0101 min\u0113t\u0101s atbalsta programmas augsti kvalific\u0113tu darbinieku piesaiste, lai nodro\u0161in\u0101tu progr\u0101mnodro\u0161in\u0101juma izstr\u0101di IPTV\/OTT jom\u0101. Projekt\u0101 rezult\u0101t\u0101 tiks pabeigta sist\u0113mas t\u0101l\u0101k\u0101s att\u012bst\u012bbas koncepcija un veikts galvenais darbs. optimiz\u0113t un att\u012bst\u012bt blakus eso\u0161\u0101s risin\u0101juma da\u013cas.<\/p>\n\n\n\n<figure class=\"wp-block-image size-full\"><img loading=\"lazy\" decoding=\"async\" width=\"842\" height=\"282\" src=\"https:\/\/this-solutions.lv\/wp-content\/uploads\/2024\/01\/ieguldijums.jpg\" alt=\"\" class=\"wp-image-31\" srcset=\"https:\/\/this-solutions.lv\/wp-content\/uploads\/2024\/01\/ieguldijums.jpg 842w, https:\/\/this-solutions.lv\/wp-content\/uploads\/2024\/01\/ieguldijums-300x100.jpg 300w, https:\/\/this-solutions.lv\/wp-content\/uploads\/2024\/01\/ieguldijums-768x257.jpg 768w\" sizes=\"auto, (max-width: 842px) 100vw, 842px\" \/><\/figure>\n\n\n\n<hr class=\"wp-block-separator alignwide has-alpha-channel-opacity\"\/>\n\n\n\n<div style=\"height:var(--wp--preset--spacing--30)\" aria-hidden=\"true\" class=\"wp-block-spacer\"><\/div>\n\n\n\n<p>SIA \u201cITsolutions&amp;programming\u201d ir nosl\u0113gusi l\u012bgumu Nr. JU-L-2023\/4 ar Latvijas Invest\u012bciju un att\u012bst\u012bbas a\u0123ent\u016bru par Eiropas Re\u0123ion\u0101l\u0101s att\u012bst\u012bbas fonda projekta \u201eTehnolo\u0123iju p\u0101rneses programma\u201d, identifik\u0101cijas numurs 1.2.1.2\/16\/I\/001 \u012bsteno\u0161anu. Projekta m\u0113r\u0137is ir Jaunuz\u0146\u0113mumu darb\u012bbas atbalsta likuma 7.pant\u0101 min\u0113t\u0101s atbalsta programmas augsti kvalific\u0113tu darbinieku piesaiste, lai nodro\u0161in\u0101tu progr\u0101mnodro\u0161in\u0101juma izstr\u0101di IPTV\/OTT jom\u0101. Projekt\u0101 rezult\u0101t\u0101 tiks pabeigta pakalpojumu klientu re\u0123istr\u0101cijas procesa un uzved\u012bbas koncepcija gan integr\u0113tas un atbalst\u012btas maks\u0101jumu sist\u0113mas.<\/p>\n\n\n\n<figure class=\"wp-block-image size-full\"><img loading=\"lazy\" decoding=\"async\" width=\"842\" height=\"282\" src=\"https:\/\/this-solutions.lv\/wp-content\/uploads\/2024\/01\/ieguldijums.jpg\" alt=\"\" class=\"wp-image-31\" srcset=\"https:\/\/this-solutions.lv\/wp-content\/uploads\/2024\/01\/ieguldijums.jpg 842w, https:\/\/this-solutions.lv\/wp-content\/uploads\/2024\/01\/ieguldijums-300x100.jpg 300w, https:\/\/this-solutions.lv\/wp-content\/uploads\/2024\/01\/ieguldijums-768x257.jpg 768w\" sizes=\"auto, (max-width: 842px) 100vw, 842px\" \/><\/figure>\n\n\n\n<hr class=\"wp-block-separator alignwide has-alpha-channel-opacity\"\/>\n\n\n\n<figure class=\"wp-block-image size-full\"><img loading=\"lazy\" decoding=\"async\" width=\"913\" height=\"215\" src=\"https:\/\/this-solutions.lv\/wp-content\/uploads\/2024\/01\/444.png\" alt=\"\" class=\"wp-image-32\" srcset=\"https:\/\/this-solutions.lv\/wp-content\/uploads\/2024\/01\/444.png 913w, https:\/\/this-solutions.lv\/wp-content\/uploads\/2024\/01\/444-300x71.png 300w, https:\/\/this-solutions.lv\/wp-content\/uploads\/2024\/01\/444-768x181.png 768w\" sizes=\"auto, (max-width: 913px) 100vw, 913px\" \/><\/figure>\n\n\n\n<p><strong>Apstiprin\u0101ts<\/strong><\/p>\n\n\n\n<p><strong>SIA \u201cITsolutions &amp; programming\u201d projekts<\/strong><\/p>\n\n\n\n<p>2022.gada 15.mart\u0101 parakst\u012bts projekta l\u012bgums Nr. 2.14.8.-1\/P\/K1\/02-L\/2 par projekta&nbsp;<strong>\u201cLatgales datu centrs\u201d<\/strong>&nbsp;\u012bsteno\u0161anu Eiropas Ekonomikas zonas finan\u0161u instrumenta 2014.\u20132021. gada perioda programmas \u201cViet\u0113j\u0101 att\u012bst\u012bba, nabadz\u012bbas mazin\u0101\u0161ana un kult\u016bras sadarb\u012bba\u201d neliela apjoma grantu sh\u0113mas atkl\u0101t\u0101 projektu konkursa \u201cAtbalsts biznesa ideju \u012bsteno\u0161anai Latgal\u0113\u201d ietvaros.<\/p>\n\n\n\n<p><strong>Projekta ilgums:&nbsp;<\/strong>l\u012bdz 2023.gada 14.martam.<\/p>\n\n\n\n<p><strong>Pl\u0101not\u0101s m\u0113r\u0137is:&nbsp;<\/strong>Veicin\u0101t nodarbin\u0101t\u012bbu un uz\u0146\u0113m\u0113jdarb\u012bbu Latgales re\u0123ion\u0101, \u012bstenojot jaunu ideju \u2013 Latgales datu centra veido\u0161anu un radot vienu darba vietu.<\/p>\n\n\n\n<p>Projekta ietvaros ir pl\u0101nots daudzveidot uz\u0146\u0113muma pakalpojumu, kuri eso\u0161\u0101s komercdarb\u012bbas ietvaros iepriek\u0161 nav sniegti, t.i. datu centra pakalpojumi.<\/p>\n\n\n\n<p><strong>Projekta kop\u0113j\u0101s attiecin\u0101m\u0101s izmaksas:&nbsp;<\/strong>15059,00 EUR.<\/p>\n\n\n\n<p><strong>Programmas l\u012bdzfinans\u0113jums:&nbsp;<\/strong>49 % apm\u0113r\u0101 &#8211; 7378,91 EUR.<\/p>\n\n\n\n<p><strong>SIA \u201cITsolutions &amp; programming\u201d l\u012bdzfinans\u0113jums:&nbsp;<\/strong>51 % apm\u0113r\u0101 \u20137680,09 EUR.<\/p>\n\n\n\n<p>Vair\u0101k inform\u0101cijas par EEZ grantu programmu \u201cViet\u0113j\u0101 att\u012bst\u012bba, nabadz\u012bbas mazin\u0101\u0161ana un kult\u016bras sadarb\u012bba\u201d: www.eegrants.lv<\/p>\n\n\n\n<p><strong>Str\u0101d\u0101jam kop\u0101 za\u013cai, konkur\u0113tsp\u0113j\u012bgai un iek\u013caujo\u0161ai Eiropai!<\/strong><\/p>\n<\/div>\n<\/div>\n\n\n\n<p><\/p>\n","protected":false},"excerpt":{"rendered":"<p>2021.gada 03.j\u016bnij\u0101 SIA \u201cITsolutions&amp;programming\u201d ir nosl\u0113gusi l\u012bgumu Nr. JU-L-2021\/4 ar Latvijas Invest\u012bciju un att\u012bst\u012bbas a\u0123ent\u016bru par Eiropas Re\u0123ion\u0101l\u0101s att\u012bst\u012bbas fonda projekta \u201eTehnolo\u0123iju p\u0101rneses programma\u201d, identifik\u0101cijas numurs 1.2.1.2\/16\/I\/001 \u012bsteno\u0161anu. Projekta m\u0113r\u0137is ir Jaunuz\u0146\u0113mumu darb\u012bbas atbalsta likuma 7.pant\u0101 min\u0113t\u0101s atbalsta programmas augsti kvalific\u0113tu darbinieku piesaiste, lai nodro\u0161in\u0101tu progr\u0101mnodro\u0161in\u0101juma izstr\u0101di IPTV\/OTT jom\u0101. Projekt\u0101 rezult\u0101t\u0101 tiks izstr\u0101d\u0101ta optimiz\u0113ta minim\u0101l\u0101 [&hellip;]<\/p>\n","protected":false},"author":1,"featured_media":0,"parent":0,"menu_order":0,"comment_status":"closed","ping_status":"closed","template":"","meta":{"footnotes":""},"class_list":["post-30","page","type-page","status-publish","hentry"],"aioseo_notices":[],"_links":{"self":[{"href":"https:\/\/this-solutions.lv\/index.php?rest_route=\/wp\/v2\/pages\/30","targetHints":{"allow":["GET"]}}],"collection":[{"href":"https:\/\/this-solutions.lv\/index.php?rest_route=\/wp\/v2\/pages"}],"about":[{"href":"https:\/\/this-solutions.lv\/index.php?rest_route=\/wp\/v2\/types\/page"}],"author":[{"embeddable":true,"href":"https:\/\/this-solutions.lv\/index.php?rest_route=\/wp\/v2\/users\/1"}],"replies":[{"embeddable":true,"href":"https:\/\/this-solutions.lv\/index.php?rest_route=%2Fwp%2Fv2%2Fcomments&post=30"}],"version-history":[{"count":7,"href":"https:\/\/this-solutions.lv\/index.php?rest_route=\/wp\/v2\/pages\/30\/revisions"}],"predecessor-version":[{"id":148,"href":"https:\/\/this-solutions.lv\/index.php?rest_route=\/wp\/v2\/pages\/30\/revisions\/148"}],"wp:attachment":[{"href":"https:\/\/this-solutions.lv\/index.php?rest_route=%2Fwp%2Fv2%2Fmedia&parent=30"}],"curies":[{"name":"wp","href":"https:\/\/api.w.org\/{rel}","templated":true}]}}